{"id":377,"date":"2023-05-11T16:40:12","date_gmt":"2023-05-11T19:40:12","guid":{"rendered":"https:\/\/wcreceptivo.com.br\/?post_type=product&#038;p=377"},"modified":"2024-05-05T21:40:11","modified_gmt":"2024-05-06T00:40:11","slug":"aeroporto-do-recife-campina-grande-pb","status":"publish","type":"product","link":"https:\/\/wcreceptivo.com.br\/index.php\/produto\/aeroporto-do-recife-campina-grande-pb\/","title":{"rendered":"Aeroporto do Recife \u2799 Campina Grande\/PB"},"content":{"rendered":"<p>Servi\u00e7o de Transfer:<\/p>\n<p>Reserve sua confort\u00e1vel viagem desde o <strong>Aeroporto Gilberto Freyre &#8211; REC<\/strong> at\u00e9 o seu local de hospedagem em <strong>Campina Grande<\/strong>;<\/p>\n<p>Nossos servi\u00e7os de traslados est\u00e3o dispon\u00edveis para reserva <strong>24 horas<\/strong> por dia, <strong>7 dias<\/strong> por semana;<\/p>\n<p>\u2713 Recep\u00e7\u00e3o personalizada no desembarque no aeroporto. (Todos os clientes s\u00e3o recebidos no sag\u00e3o com uma placa contendo logo da WC e nome do cliente).<br \/>\n\u2713 A comodidade de um ve\u00edculo exclusivo, com total flexibilidade de hor\u00e1rios.<br \/>\n\u2713 Nossos ve\u00edculos s\u00e3o novos e equipados com ar condicionado<br \/>\n\u2713 Os motoristas da *WC Receptivo* s\u00e3o experientes e atenciosos. V\u00e3o te levar com muita seguran\u00e7a, conforto e rapidez para voc\u00ea relaxar e aproveitar todos os momentos da sua viagem!<\/p>\n<p>Qualque altera\u00e7\u00e3o nos dados do seu voo, \u00e9 preciso que nos antecipe pelo nosso WhatsApp: <strong>81 992727863<\/strong><\/p>\n","protected":false},"excerpt":{"rendered":"<p>Servi\u00e7o de Transfer: Reserve sua confort\u00e1vel viagem desde o Aeroporto Gilberto Freyre &#8211; REC at\u00e9 o seu local de hospedagem em Campina Grande; Nossos servi\u00e7os de traslados est\u00e3o dispon\u00edveis para reserva 24 horas por dia, 7 dias por semana; \u2713 Recep\u00e7\u00e3o personalizada no desembarque no aeroporto. (Todos os clientes s\u00e3o recebidos no sag\u00e3o com uma &hellip;<\/p>\n<p class=\"read-more\"> <a class=\"\" href=\"https:\/\/wcreceptivo.com.br\/index.php\/produto\/aeroporto-do-recife-campina-grande-pb\/\"> <span class=\"screen-reader-text\">Aeroporto do Recife \u2799 Campina Grande\/PB<\/span> Leia mais &raquo;<\/a><\/p>\n","protected":false},"featured_media":379,"comment_status":"open","ping_status":"closed","template":"","meta":{"site-sidebar-layout":"default","site-content-layout":"default","ast-global-header-display":"","ast-main-header-display":"","ast-hfb-above-header-display":"","ast-hfb-below-header-display":"","ast-hfb-mobile-header-display":"","site-post-title":"","ast-breadcrumbs-content":"","ast-featured-img":"","footer-sml-layout":"","theme-transparent-header-meta":"default","adv-header-id-meta":"","stick-header-meta":"","header-above-stick-meta":"","header-main-stick-meta":"","header-below-stick-meta":"","_joinchat":[]},"product_cat":[34],"product_tag":[],"class_list":{"0":"post-377","1":"product","2":"type-product","3":"status-publish","4":"has-post-thumbnail","6":"product_cat-transfer-com-saida-de-recife","7":"desktop-align-left","8":"tablet-align-left","9":"mobile-align-left","11":"first","12":"instock","13":"shipping-taxable","14":"purchasable","15":"product-type-variable"},"_links":{"self":[{"href":"https:\/\/wcreceptivo.com.br\/index.php\/wp-json\/wp\/v2\/product\/377","targetHints":{"allow":["GET"]}}],"collection":[{"href":"https:\/\/wcreceptivo.com.br\/index.php\/wp-json\/wp\/v2\/product"}],"about":[{"href":"https:\/\/wcreceptivo.com.br\/index.php\/wp-json\/wp\/v2\/types\/product"}],"replies":[{"embeddable":true,"href":"https:\/\/wcreceptivo.com.br\/index.php\/wp-json\/wp\/v2\/comments?post=377"}],"wp:featuredmedia":[{"embeddable":true,"href":"https:\/\/wcreceptivo.com.br\/index.php\/wp-json\/wp\/v2\/media\/379"}],"wp:attachment":[{"href":"https:\/\/wcreceptivo.com.br\/index.php\/wp-json\/wp\/v2\/media?parent=377"}],"wp:term":[{"taxonomy":"product_cat","embeddable":true,"href":"https:\/\/wcreceptivo.com.br\/index.php\/wp-json\/wp\/v2\/product_cat?post=377"},{"taxonomy":"product_tag","embeddable":true,"href":"https:\/\/wcreceptivo.com.br\/index.php\/wp-json\/wp\/v2\/product_tag?post=377"}],"curies":[{"name":"wp","href":"https:\/\/api.w.org\/{rel}","templated":true}]}}